{"id":1211,"date":"2018-07-27T20:07:44","date_gmt":"2018-07-27T18:07:44","guid":{"rendered":"http:\/\/www.elcel.org\/agradecimientos\/"},"modified":"2018-07-27T23:54:54","modified_gmt":"2018-07-27T21:54:54","slug":"agradecimientos","status":"publish","type":"page","link":"https:\/\/www.elcel.org\/es\/agradecimientos\/","title":{"rendered":"Agradecimientos"},"content":{"rendered":"<div class=\"wpb-content-wrapper\"><p>[vc_row][vc_column][vc_column_text]El Cat\u00e1logo de Experiencias L\u00fadicas fue uno de los 13 proyectos seleccionados por la Fundaci\u00f3n Jaume Bofill dentro de su campa\u00f1a #FemEducaci\u00f3 de apoyo a iniciativas orientadas a la mejora y transformaci\u00f3n educativa.<\/p>\n<p>La financiaci\u00f3n para poder desarrollar el proyecto se consigui\u00f3 mediante la plataforma Goteo de micromecenazgo social, gracias a las aportaciones de particulares y organizaciones (asociaciones y empresas), as\u00ed como del matchfunding aportado por la Fundaci\u00f3n Jaume Bofill.<\/p>\n<p>Desde aqu\u00ed queremos agradecer el apoyo y la confianza a todos los mecenas.[\/vc_column_text][\/vc_column][\/vc_row][vc_row css_animation=\u00bbfadeIn\u00bb][vc_column css=\u00bb.vc_custom_1529406364259{margin-bottom: 0px !important;}\u00bb][vc_custom_heading text=\u00bbOrganizaciones comprometidas\u00bb font_container=\u00bbtag:h2|text_align:left|color:%23278ec7&#8243; use_theme_fonts=\u00bbyes\u00bb css_animation=\u00bbfadeInDown\u00bb][vc_row_inner css=\u00bb.vc_custom_1532715827380{margin-bottom: 15px !important;}\u00bb][vc_column_inner width=\u00bb1\/3&#8243;][vc_single_image image=\u00bb1196&#8243; img_size=\u00bblarge\u00bb alignment=\u00bbcenter\u00bb style=\u00bbvc_box_outline\u00bb border_color=\u00bbsky\u00bb onclick=\u00bbcustom_link\u00bb css_animation=\u00bbfadeIn\u00bb link=\u00bbhttp:\/\/elalmacendejuegos.com\/\u00bb][\/vc_column_inner][vc_column_inner width=\u00bb1\/3&#8243;][vc_single_image image=\u00bb1199&#8243; img_size=\u00bblarge\u00bb alignment=\u00bbcenter\u00bb style=\u00bbvc_box_outline\u00bb border_color=\u00bbsky\u00bb onclick=\u00bbcustom_link\u00bb img_link_target=\u00bb_blank\u00bb css_animation=\u00bbappear\u00bb link=\u00bbhttps:\/\/www.haba.de\/es_ES\/juguetes\u00bb][\/vc_column_inner][vc_column_inner width=\u00bb1\/3&#8243;][vc_single_image image=\u00bb1200&#8243; img_size=\u00bblarge\u00bb alignment=\u00bbcenter\u00bb style=\u00bbvc_box_outline\u00bb border_color=\u00bbsky\u00bb onclick=\u00bbcustom_link\u00bb img_link_target=\u00bb_blank\u00bb css_animation=\u00bbappear\u00bb link=\u00bbhttps:\/\/kinuma.com\/es\/\u00bb][\/vc_column_inner][\/vc_row_inner][vc_row_inner][vc_column_inner width=\u00bb1\/3&#8243;][vc_single_image image=\u00bb1202&#8243; img_size=\u00bblarge\u00bb alignment=\u00bbcenter\u00bb style=\u00bbvc_box_outline\u00bb border_color=\u00bbsky\u00bb onclick=\u00bbcustom_link\u00bb img_link_target=\u00bb_blank\u00bb css_animation=\u00bbappear\u00bb link=\u00bbhttp:\/\/mathom.es\/es\/\u00bb][\/vc_column_inner][vc_column_inner width=\u00bb1\/3&#8243;][vc_single_image image=\u00bb1204&#8243; img_size=\u00bblarge\u00bb alignment=\u00bbcenter\u00bb style=\u00bbvc_box_outline\u00bb border_color=\u00bbsky\u00bb onclick=\u00bbcustom_link\u00bb img_link_target=\u00bb_blank\u00bb css_animation=\u00bbappear\u00bb link=\u00bbhttp:\/\/www.mercurio.com.es\/\u00bb][\/vc_column_inner][vc_column_inner width=\u00bb1\/3&#8243;][vc_single_image image=\u00bb1206&#8243; img_size=\u00bblarge\u00bb alignment=\u00bbcenter\u00bb style=\u00bbvc_box_outline\u00bb border_color=\u00bbsky\u00bb onclick=\u00bbcustom_link\u00bb img_link_target=\u00bb_blank\u00bb css_animation=\u00bbappear\u00bb link=\u00bbhttp:\/\/www.toptoys.es\/\u00bb][\/vc_column_inner][\/vc_row_inner][\/vc_column][\/vc_row][vc_row content_placement=\u00bbtop\u00bb css_animation=\u00bbfadeInDown\u00bb css=\u00bb.vc_custom_1529401980206{margin-bottom: 0px !important;}\u00bb][vc_column][vc_custom_heading text=\u00bbOrganizaciones motivadas\u00bb font_container=\u00bbtag:h2|text_align:left|color:%23278ec7&#8243; use_theme_fonts=\u00bbyes\u00bb css_animation=\u00bbfadeInDown\u00bb][vc_row_inner][vc_column_inner width=\u00bb1\/4&#8243;][\/vc_column_inner][vc_column_inner width=\u00bb1\/4&#8243;][vc_single_image image=\u00bb1192&#8243; img_size=\u00bblarge\u00bb alignment=\u00bbcenter\u00bb style=\u00bbvc_box_outline\u00bb border_color=\u00bbsky\u00bb onclick=\u00bbcustom_link\u00bb img_link_target=\u00bb_blank\u00bb css_animation=\u00bbappear\u00bb link=\u00bbhttps:\/\/www.facebook.com\/ludushistoriae\/\u00bb][\/vc_column_inner][vc_column_inner width=\u00bb1\/4&#8243;][vc_single_image image=\u00bb1194&#8243; img_size=\u00bblarge\u00bb style=\u00bbvc_box_outline\u00bb border_color=\u00bbsky\u00bb onclick=\u00bbcustom_link\u00bb img_link_target=\u00bb_blank\u00bb css_animation=\u00bbappear\u00bb link=\u00bbhttps:\/\/www.marinva.es\/\u00bb][\/vc_column_inner][vc_column_inner width=\u00bb1\/4&#8243;][\/vc_column_inner][\/vc_row_inner][\/vc_column][\/vc_row][vc_row css=\u00bb.vc_custom_1529401130796{margin-bottom: 0px !important;}\u00bb][vc_column][vc_custom_heading text=\u00bbOrganizaciones amigas\u00bb font_container=\u00bbtag:h2|text_align:left|color:%23278ec7&#8243; use_theme_fonts=\u00bbyes\u00bb css_animation=\u00bbfadeInDown\u00bb][vc_row_inner][vc_column_inner width=\u00bb1\/6&#8243;][\/vc_column_inner][vc_column_inner width=\u00bb1\/6&#8243;][vc_single_image image=\u00bb1178&#8243; img_size=\u00bblarge\u00bb alignment=\u00bbcenter\u00bb style=\u00bbvc_box_outline\u00bb border_color=\u00bbsky\u00bb onclick=\u00bbcustom_link\u00bb img_link_target=\u00bb_blank\u00bb css_animation=\u00bbfadeInDown\u00bb link=\u00bbhttps:\/\/herofreaks.com\/\u00bb][\/vc_column_inner][vc_column_inner width=\u00bb1\/6&#8243;][vc_single_image image=\u00bb1174&#8243; img_size=\u00bblarge\u00bb alignment=\u00bbcenter\u00bb style=\u00bbvc_box_outline\u00bb border_color=\u00bbsky\u00bb onclick=\u00bbcustom_link\u00bb img_link_target=\u00bb_blank\u00bb css_animation=\u00bbfadeInDown\u00bb link=\u00bbhttp:\/\/gdmgames.guerrademitos.com\/\u00bb][\/vc_column_inner][vc_column_inner width=\u00bb1\/6&#8243;][vc_single_image image=\u00bb1184&#8243; img_size=\u00bblarge\u00bb alignment=\u00bbcenter\u00bb style=\u00bbvc_box_outline\u00bb border_color=\u00bbsky\u00bb onclick=\u00bbcustom_link\u00bb img_link_target=\u00bb_blank\u00bb css_animation=\u00bbfadeInDown\u00bb link=\u00bbhttp:\/\/www.olgeta.eus\/\u00bb][\/vc_column_inner][vc_column_inner width=\u00bb1\/6&#8243;][vc_single_image image=\u00bb1188&#8243; img_size=\u00bblarge\u00bb alignment=\u00bbcenter\u00bb style=\u00bbvc_box_outline\u00bb border_color=\u00bbsky\u00bb onclick=\u00bbcustom_link\u00bb img_link_target=\u00bb_blank\u00bb css_animation=\u00bbfadeInDown\u00bb link=\u00bbhttps:\/\/www.trimatge.org\/\u00bb][\/vc_column_inner][vc_column_inner width=\u00bb1\/6&#8243;][\/vc_column_inner][\/vc_row_inner][\/vc_column][\/vc_row][vc_row css_animation=\u00bbfadeIn\u00bb][vc_column][vc_column_text]A t\u00edtulo individual confiaron en nuestro proyecto las siguientes personas:<\/p>\n<p>A.M. Marco; Alba Hernandez; \u00c0lex Caram\u00e9 Fontes; Amalia S\u00e1nchez L\u00f3pez; Ana Ayuste; Anna Mart\u00edn Vizuete; Antonio Atero; Arantza Mart\u00edn Romero; Ariadna Aragay Mar\u00edn; Asociaci\u00f3n Afim21; Aurelio Ruiz Garc\u00eda; Azael Herrero; B\u00e1rbara Canto D\u00edaz; Bea Crespo; Bel\u00e9n L\u00f3pez; Carlos Franco Xevi-Prote; Cati; cHristian Negre i Walczak; Concepci\u00f3n Caram\u00e9 Barrachina; Cristina Moll\u00e0 Grabulosa; Daniel Fornaguera; Daniel Mart\u00edn S\u00e1nchez; Daniel Riera Terr\u00e9n; Daula; David; David Codosero Cerezo; David Fontes Caram\u00e9; David Segarra Mediavilla; Dolors Mach Piera; Eduardo Toledo Incl\u00e1n; Esteve Codony; Eul\u00e0lia Mart\u00ed; Eva Pe; Fernando Chavarr\u00eda Fores; Fernando V\u00e1zquez; Fidel Bellmunt Montagut; Germ\u00e1n Cabrera; Gl\u00f2ria Pedr\u00f3; H\u00e9ctor Mart\u00ednez Romero; Imma Santamar\u00eda i Blesa; In\u00e9s Orta Medina; Iolanda Zapata Lucas; Isaac Hidalgo Tarras\u00f3n; Ivan Verg\u00e9s Pascual; Jan Gonzalo Iglesia; Jaume Pedr\u00f3 Villarino; Jaume Sans i Vellveh\u00ed; Joan Cervera Beltran; Joan Izquierdo Borau; Joan Verd\u00e9s; Jordi Coll i Giron; Jos\u00e9 Luis P\u00e9rez Martos; Juanjo Angullo; Julia Iriarte Gahete; Laura Gracia; Laura S\u00e1nchez S\u00e1ez; Lena Tillman Mill\u00e1n; L\u00eddia G\u00f3mez i Monta\u00f1\u00e9s; Lluis; Lorena Lara Ragel; Ma Jos\u00e9 GR; M\u00aa\u00c1ngeles Cabeza; Manel Vidal Portillo; Manu S\u00e1nchez Montero; Manuel L\u00f3pez Tejado; Marc Figueras; Marcos Pastor Calvet; Mar\u00eda Jes\u00fas Campos Osa; Marinva Joc i Educaci\u00f3; Marta; Martina Serrano; Merc\u00e8; Meritxell Nieto; Miguel \u00c1ngel Fern\u00e1ndez G\u00f3mez; Miguel Urd\u00edn; Montse Miras; Neus Pinen Escofet; Olatz Aldabaldetreku; Olga Giner Arandiga; Oriol Comas i Coma; Oriol Ripoll; Oriol Tutusaus; \u00d3scar Recio-Coll; Pau Nin; Pepe Macba; Pepe Pedraz; Rafael Antonio Gonz\u00e1lez Bernal; Rafel Mir\u00f3; Raquel; Raquel Duque; Ra\u00fal; Rebeca; Ruddy Viscarra Gonz\u00e1lez; Ruth Cerd\u00e1n Ortiz; S\u00edlvia; Silvia SL; Sonia Gonz\u00e1lez; Toni Serradesanferm Pal\u00e0; Tony Padilla; Victoria Gallego Pedraza; Xavier Terr\u00e9; Y\u00f6ls.<\/p>\n<p>Por \u00faltimo tambi\u00e9n queremos dar nuestro agradecimiento a las editoriales que aportaron los juegos que se sortearon al finalizar la campa\u00f1a entre todos los mecenas individuales.[\/vc_column_text][vc_row_inner css=\u00bb.vc_custom_1532716128315{margin-bottom: 15px !important;}\u00bb][vc_column_inner width=\u00bb1\/6&#8243;][vc_single_image image=\u00bb1182&#8243; img_size=\u00bblarge\u00bb style=\u00bbvc_box_outline\u00bb onclick=\u00bbcustom_link\u00bb img_link_target=\u00bb_blank\u00bb css_animation=\u00bbfadeInDown\u00bb link=\u00bbhttps:\/\/ocachess.com\/\u00bb][\/vc_column_inner][vc_column_inner width=\u00bb1\/6&#8243;][vc_single_image image=\u00bb1177&#8243; img_size=\u00bblarge\u00bb style=\u00bbvc_box_outline\u00bb onclick=\u00bbcustom_link\u00bb img_link_target=\u00bb_blank\u00bb css_animation=\u00bbfadeInDown\u00bb link=\u00bbhttps:\/\/www.haba.de\/es_ES\/juguetes\u00bb][\/vc_column_inner][vc_column_inner width=\u00bb1\/6&#8243;][vc_single_image image=\u00bb1174&#8243; img_size=\u00bblarge\u00bb style=\u00bbvc_box_outline\u00bb onclick=\u00bbcustom_link\u00bb img_link_target=\u00bb_blank\u00bb css_animation=\u00bbfadeInDown\u00bb link=\u00bbhttp:\/\/gdmgames.guerrademitos.com\/\u00bb][\/vc_column_inner][vc_column_inner width=\u00bb1\/6&#8243;][vc_single_image image=\u00bb1172&#8243; img_size=\u00bblarge\u00bb style=\u00bbvc_box_outline\u00bb onclick=\u00bbcustom_link\u00bb img_link_target=\u00bb_blank\u00bb css_animation=\u00bbfadeInDown\u00bb link=\u00bbhttp:\/\/editales.com\/\u00bb][\/vc_column_inner][vc_column_inner width=\u00bb1\/6&#8243;][vc_single_image image=\u00bb1190&#8243; img_size=\u00bblarge\u00bb style=\u00bbvc_box_outline\u00bb onclick=\u00bbcustom_link\u00bb img_link_target=\u00bb_blank\u00bb css_animation=\u00bbfadeInDown\u00bb link=\u00bbhttp:\/\/www.viravi.es\/\u00bb][\/vc_column_inner][vc_column_inner width=\u00bb1\/6&#8243;][vc_single_image image=\u00bb1186&#8243; img_size=\u00bblarge\u00bb style=\u00bbvc_box_outline\u00bb onclick=\u00bbcustom_link\u00bb img_link_target=\u00bb_blank\u00bb css_animation=\u00bbfadeInDown\u00bb link=\u00bbhttp:\/\/orcajocs.com\/\u00bb][\/vc_column_inner][\/vc_row_inner][vc_row_inner equal_height=\u00bbyes\u00bb content_placement=\u00bbmiddle\u00bb][vc_column_inner width=\u00bb1\/6&#8243;][\/vc_column_inner][vc_column_inner width=\u00bb1\/6&#8243;][vc_single_image image=\u00bb1170&#8243; img_size=\u00bblarge\u00bb alignment=\u00bbcenter\u00bb style=\u00bbvc_box_outline\u00bb onclick=\u00bbcustom_link\u00bb css_animation=\u00bbfadeInDown\u00bb link=\u00bbhttp:\/\/dracoideas.com\/editorial\/\u00bb][\/vc_column_inner][vc_column_inner width=\u00bb2\/6&#8243;][vc_single_image image=\u00bb1180&#8243; img_size=\u00bb115&#215;115&#8243; alignment=\u00bbcenter\u00bb style=\u00bbvc_box_outline\u00bb onclick=\u00bbcustom_link\u00bb img_link_target=\u00bb_blank\u00bb css_animation=\u00bbfadeInDown\u00bb link=\u00bbhttp:\/\/www.nexoediciones.es\/\u00bb][\/vc_column_inner][vc_column_inner width=\u00bb1\/6&#8243;][vc_single_image image=\u00bb1168&#8243; img_size=\u00bblarge\u00bb alignment=\u00bbcenter\u00bb style=\u00bbvc_box_outline\u00bb onclick=\u00bbcustom_link\u00bb img_link_target=\u00bb_blank\u00bb css_animation=\u00bbfadeInDown\u00bb link=\u00bbhttps:\/\/www.2tomatoesgames.com\u00bb][\/vc_column_inner][vc_column_inner width=\u00bb1\/6&#8243;][\/vc_column_inner][\/vc_row_inner][\/vc_column][\/vc_row]<\/p>\n<\/div>","protected":false},"excerpt":{"rendered":"<p>[vc_row][vc_column][vc_column_text]El Cat\u00e1logo de Experiencias L\u00fadicas fue uno de los 13 proyectos seleccionados por la Fundaci\u00f3n Jaume Bofill dentro de su campa\u00f1a #FemEducaci\u00f3 de apoyo a iniciativas orientadas a la mejora y transformaci\u00f3n educativa. La financiaci\u00f3n para poder desarrollar el proyecto se consigui\u00f3 mediante la plataforma Goteo de micromecenazgo social, gracias a las aportaciones de particulares y organizaciones (asociaciones y empresas),<\/p>\n","protected":false},"author":1,"featured_media":0,"parent":0,"menu_order":0,"comment_status":"closed","ping_status":"closed","template":"","meta":{"footnotes":""},"class_list":["post-1211","page","type-page","status-publish","hentry","no-featured","has-left-col"],"_links":{"self":[{"href":"https:\/\/www.elcel.org\/es\/wp-json\/wp\/v2\/pages\/1211","targetHints":{"allow":["GET"]}}],"collection":[{"href":"https:\/\/www.elcel.org\/es\/wp-json\/wp\/v2\/pages"}],"about":[{"href":"https:\/\/www.elcel.org\/es\/wp-json\/wp\/v2\/types\/page"}],"author":[{"embeddable":true,"href":"https:\/\/www.elcel.org\/es\/wp-json\/wp\/v2\/users\/1"}],"replies":[{"embeddable":true,"href":"https:\/\/www.elcel.org\/es\/wp-json\/wp\/v2\/comments?post=1211"}],"version-history":[{"count":6,"href":"https:\/\/www.elcel.org\/es\/wp-json\/wp\/v2\/pages\/1211\/revisions"}],"predecessor-version":[{"id":1224,"href":"https:\/\/www.elcel.org\/es\/wp-json\/wp\/v2\/pages\/1211\/revisions\/1224"}],"wp:attachment":[{"href":"https:\/\/www.elcel.org\/es\/wp-json\/wp\/v2\/media?parent=1211"}],"curies":[{"name":"wp","href":"https:\/\/api.w.org\/{rel}","templated":true}]}}