{"id":1139,"date":"2018-07-27T19:11:00","date_gmt":"2018-07-27T17:11:00","guid":{"rendered":"http:\/\/www.elcel.org\/?page_id=1139"},"modified":"2020-02-14T09:16:44","modified_gmt":"2020-02-14T08:16:44","slug":"que-es-el-cel","status":"publish","type":"page","link":"https:\/\/www.elcel.org\/es\/que-es-el-cel\/","title":{"rendered":"\u00bfQu\u00e9 es el CEL?"},"content":{"rendered":"<div class=\"wpb-content-wrapper\"><p>[vc_row][vc_column][vc_toggle title=\u00bb\u00bfQu\u00e9 es el CEL?\u00bb style=\u00bbrounded\u00bb color=\u00bbsky\u00bb size=\u00bblg\u00bb open=\u00bbtrue\u00bb css_animation=\u00bbfadeInDown\u00bb]El CEL (Cat\u00e1logo de Experiencias L\u00fadicas) es un banco de experiencias de uso de juegos de mesa en el aula como recurso educativo (Aprendizaje Basado en Juegos). Tiene por objetivo recoger y difundir este tipo de iniciativas, de tal manera que puedan ser conocidas, reproducidas, adaptadas o utilizadas como fuente de inspiraci\u00f3n por otros profesionales del \u00e1mbito educativo.<\/p>\n<p>El CEL es un recurso gratuito, abierto y colaborativo, financiado gracias a una exitosa campa\u00f1a en la plataforma de crowdfunding social <a href=\"http:\/\/www.goteo.org\/project\/cel-cataleg-d-experiencies-ludiques\"><strong>Goteo.org<\/strong><\/a>\u00a0 en la que participaron alrededor de un centenar de mecenas particulares, editoriales y otras entidades (ver apartado <strong><a href=\"\/es?page_id=1211\">Agradecimientos<\/a><\/strong>), en el marco de la convocatoria \u00abFem Educaci\u00f3\u00bb de la <a href=\"http:\/\/www.femeducacio.org\"><strong>Fundaci\u00f3n Jaume Bofill.<\/strong><\/a>[\/vc_toggle][vc_toggle title=\u00bb\u00bfQu\u00e9 encontrar\u00e9is?\u00bb style=\u00bbrounded\u00bb color=\u00bbsky\u00bb size=\u00bblg\u00bb css_animation=\u00bbfadeInDown\u00bb]El CEL dispone de tres apartados diferenciados: \u201cExperiencias\u201d, \u201cJuegos\u201d y \u201cPerfiles\u201d.<\/p>\n<p>En \u201c<em>Experiencias<\/em>\u201d encontrar\u00e9is las fichas descriptivas de las experiencias de Aprendizaje Basado en Juegos de mesa que se vayan publicando en la plataforma. Las pod\u00e9is filtrar por los siguientes criterios: etapa educativa, curso, \u00e1mbito, competencias y capacidades.<\/p>\n<p>En \u201c<em>Juegos<\/em>\u201d aparecen las fichas descriptivas de los juegos de mesa utilizados en las experiencias publicadas. Los pod\u00e9is filtrar por etapa educativa, por tipolog\u00eda de juego y por edad m\u00ednima recomendada.<\/p>\n<p>En \u201c<em>Perfiles<\/em>\u201d encontrar\u00e9is informaci\u00f3n sobre los educadores y educadoras que han publicado experiencias en la plataforma. Los pod\u00e9is filtrar por etapa educativa y por localizaci\u00f3n geogr\u00e1fica.<\/p>\n<p>Cada experiencia est\u00e1 relacionada con uno o m\u00e1s juegos, de igual forma que un juego puede aparecer en m\u00e1s de una experiencia, de tal manera que a partir de un determinado juego se puede llegar a una experiencia relacionada y viceversa. En la ficha de cada educador o educadora encontrar\u00e9is todas sus experiencias publicadas.[\/vc_toggle][vc_toggle title=\u00bb\u00bfA qui\u00e9n se dirige?\u00bb style=\u00bbrounded\u00bb color=\u00bbsky\u00bb size=\u00bblg\u00bb css_animation=\u00bbfadeInDown\u00bb]El CEL es una herramienta colaborativa dirigida a aquellos educadores y educadoras que han introducido el juego de mesa en sus clases y a todos los que tengan inter\u00e9s en hacerlo. Desde el CEL os animamos a que compart\u00e1is vuestras experiencias a trav\u00e9s de esta plataforma.[\/vc_toggle][vc_toggle title=\u00bb\u00bfC\u00f3mo funciona?\u00bb style=\u00bbrounded\u00bb color=\u00bbsky\u00bb size=\u00bblg\u00bb css_animation=\u00bbfadeInDown\u00bb]Para poder compartir vuestras experiencias en el CEL el primer paso es <a href=\"\/es?page_id=6&#038;action=login&amp;mode=register\"><strong>darse de alta en la plataforma<\/strong><\/a>. Una vez hay\u00e1is validado vuestro registro podr\u00e9is empezar a crear fichas de experiencia mediante un sencillo formulario. Antes de su publicaci\u00f3n, desde el CEL validaremos estas fichas de experiencia y las relacionaremos con las fichas de juego apropiadas, cre\u00e1ndolas cuando sea necesario.[\/vc_toggle][vc_toggle title=\u00bb\u00bfQu\u00e9 tipos de experiencias son v\u00e1lidas?\u00bb style=\u00bbrounded\u00bb color=\u00bbsky\u00bb size=\u00bblg\u00bb css_animation=\u00bbfadeInDown\u00bb]Los requisitos para introducir una experiencia son los siguientes:<\/p>\n<p style=\"padding-left: 30px;\">a) ha de ser una experiencia realizada en el aula (escuela o instituto),<br \/>\nb) llevada a cabo por maestras y maestros o profesoras y profesores,<br \/>\nc) en la que se haya utilizado uno o m\u00e1s juegos de mesa (completos o alguno de sus componentes). Puede tratarse tanto de juegos comerciales, versiones adaptadas de \u00e9stos o juegos de propia creaci\u00f3n.<\/p>\n<p>Ante la duda, te recomendamos que consultes el CEL para ver qu\u00e9 tipos de experiencias se van recogiendo.[\/vc_toggle][vc_toggle title=\u00bb\u00bfQuienes somos?\u00bb style=\u00bbrounded\u00bb color=\u00bbgreen\u00bb size=\u00bblg\u00bb css_animation=\u00bbfadeInDown\u00bb]El Cat\u00e1logo de Experiencias L\u00fadicas (CEL) es una iniciativa de la <a href=\"http:\/\/www.laboratoridejocs.org\">Asociaci\u00f3n Laboratori de Jocs<\/a>. Esperamos que el contenido del CEL anime a otros educadores y educadoras a utilizar los juegos de mesa como herramienta educativa y entre todos fomentar la cultura del juego.<\/p>\n<p>\u00a1Abrazos l\u00fadicos!<\/p>\n<p style=\"text-align: center;\"><a href=\"http:\/\/www.laboratoridejocs.org\"><img loading=\"lazy\" decoding=\"async\" class=\"aligncenter size-medium wp-image-1151\" src=\"http:\/\/www.elcel.org\/wp-content\/uploads\/2018\/07\/logo_laboratori.svg\" alt=\"\" width=\"300\" height=\"300\" \/><\/a><\/p>\n<p>[\/vc_toggle][\/vc_column][\/vc_row]<\/p>\n<\/div>","protected":false},"excerpt":{"rendered":"<p>[vc_row][vc_column][vc_toggle title=\u00bb\u00bfQu\u00e9 es el CEL?\u00bb style=\u00bbrounded\u00bb color=\u00bbsky\u00bb size=\u00bblg\u00bb open=\u00bbtrue\u00bb css_animation=\u00bbfadeInDown\u00bb]El CEL (Cat\u00e1logo de Experiencias L\u00fadicas) es un banco de experiencias de uso de juegos de mesa en el aula como recurso educativo (Aprendizaje Basado en Juegos). Tiene por objetivo recoger y difundir este tipo de iniciativas, de tal manera que puedan ser conocidas, reproducidas, adaptadas o utilizadas como fuente de<\/p>\n","protected":false},"author":1,"featured_media":0,"parent":0,"menu_order":0,"comment_status":"closed","ping_status":"closed","template":"","meta":{"footnotes":""},"class_list":["post-1139","page","type-page","status-publish","hentry","no-featured","has-left-col"],"_links":{"self":[{"href":"https:\/\/www.elcel.org\/es\/wp-json\/wp\/v2\/pages\/1139","targetHints":{"allow":["GET"]}}],"collection":[{"href":"https:\/\/www.elcel.org\/es\/wp-json\/wp\/v2\/pages"}],"about":[{"href":"https:\/\/www.elcel.org\/es\/wp-json\/wp\/v2\/types\/page"}],"author":[{"embeddable":true,"href":"https:\/\/www.elcel.org\/es\/wp-json\/wp\/v2\/users\/1"}],"replies":[{"embeddable":true,"href":"https:\/\/www.elcel.org\/es\/wp-json\/wp\/v2\/comments?post=1139"}],"version-history":[{"count":20,"href":"https:\/\/www.elcel.org\/es\/wp-json\/wp\/v2\/pages\/1139\/revisions"}],"predecessor-version":[{"id":5353,"href":"https:\/\/www.elcel.org\/es\/wp-json\/wp\/v2\/pages\/1139\/revisions\/5353"}],"wp:attachment":[{"href":"https:\/\/www.elcel.org\/es\/wp-json\/wp\/v2\/media?parent=1139"}],"curies":[{"name":"wp","href":"https:\/\/api.w.org\/{rel}","templated":true}]}}