{"id":1167,"date":"2018-07-27T20:07:44","date_gmt":"2018-07-27T18:07:44","guid":{"rendered":"http:\/\/www.elcel.org\/?page_id=1167"},"modified":"2023-07-28T17:48:14","modified_gmt":"2023-07-28T15:48:14","slug":"agradecimientos","status":"publish","type":"page","link":"https:\/\/www.elcel.org\/ca\/agradecimientos\/","title":{"rendered":"Agra\u00efments"},"content":{"rendered":"<div class=\"wpb-content-wrapper\"><p>[vc_row][vc_column][vc_column_text]<\/p>\n<div class=\"vc_row wpb_row vc_row-fluid\">\n<div class=\"wpb_column vc_column_container vc_col-sm-12\">\n<div class=\"vc_column-inner \">\n<div class=\"wpb_wrapper\">\n<div class=\"wpb_text_column wpb_content_element \">\n<div class=\"wpb_wrapper\">\n<p>El Cat\u00e0leg d\u2019Experi\u00e8ncies L\u00fadiques va ser un dels 13 projectes seleccionats per la Fundaci\u00f3 Jaume Bofill dins de la seva campanya # FemEducaci\u00f3 de suport a iniciatives orientades a la millora i transformaci\u00f3 educativa.<\/p>\n<p>El finan\u00e7ament per poder desenvolupar el projecte es va aconseguir mitjan\u00e7ant la plataforma Goteo de micromecenatge social, gr\u00e0cies a les aportacions de particulars i organitzacions (associacions i empreses), aix\u00ed com del matchfunding aportat per la Fundaci\u00f3 Jaume Bofill.<\/p>\n<p>Des d\u2019aqu\u00ed volem agrair el suport i la confian\u00e7a a tots els mecenes.<\/p>\n<\/div>\n<\/div>\n<\/div>\n<\/div>\n<\/div>\n<\/div>\n<p>[\/vc_column_text][\/vc_column][\/vc_row][vc_row css_animation=&#8221;fadeIn&#8221; css=&#8221;.vc_custom_1529401953678{margin-bottom: 0px !important;border-top-width: 1px !important;border-right-width: 1px !important;border-bottom-width: 1px !important;border-left-width: 1px !important;padding-top: -10px !important;border-left-color: #cecece !important;border-left-style: solid !important;border-right-color: #cecece !important;border-right-style: solid !important;border-top-color: #cecece !important;border-top-style: solid !important;border-bottom-color: #cecece !important;border-bottom-style: solid !important;border-radius: 4px !important;}&#8221;][vc_column css=&#8221;.vc_custom_1529406364259{margin-bottom: 0px !important;}&#8221;][vc_custom_heading text=&#8221;Organitzacions compromeses&#8221; use_theme_fonts=&#8221;yes&#8221; css_animation=&#8221;fadeInDown&#8221;][vc_row_inner css=&#8221;.vc_custom_1532727816664{margin-bottom: 15px !important;}&#8221;][vc_column_inner width=&#8221;1\/3&#8243;][vc_single_image image=&#8221;1196&#8243; img_size=&#8221;large&#8221; alignment=&#8221;center&#8221; style=&#8221;vc_box_outline&#8221; border_color=&#8221;sky&#8221; onclick=&#8221;custom_link&#8221; css_animation=&#8221;fadeIn&#8221; link=&#8221;http:\/\/elalmacendejuegos.com\/&#8221;][\/vc_column_inner][vc_column_inner width=&#8221;1\/3&#8243;][vc_single_image image=&#8221;1198&#8243; img_size=&#8221;large&#8221; alignment=&#8221;center&#8221; style=&#8221;vc_box_outline&#8221; border_color=&#8221;sky&#8221; onclick=&#8221;custom_link&#8221; css_animation=&#8221;fadeIn&#8221; link=&#8221;https:\/\/www.haba.de\/es_ES\/juguetes&#8221;][\/vc_column_inner][vc_column_inner width=&#8221;1\/3&#8243;][vc_single_image image=&#8221;1200&#8243; img_size=&#8221;large&#8221; alignment=&#8221;center&#8221; style=&#8221;vc_box_outline&#8221; border_color=&#8221;sky&#8221; onclick=&#8221;custom_link&#8221; img_link_target=&#8221;_blank&#8221; css_animation=&#8221;fadeIn&#8221; link=&#8221;https:\/\/kinuma.com\/es\/&#8221;][\/vc_column_inner][\/vc_row_inner][vc_row_inner][vc_column_inner width=&#8221;1\/3&#8243;][vc_single_image image=&#8221;1202&#8243; img_size=&#8221;large&#8221; alignment=&#8221;center&#8221; style=&#8221;vc_box_outline&#8221; border_color=&#8221;sky&#8221; onclick=&#8221;custom_link&#8221; img_link_target=&#8221;_blank&#8221; css_animation=&#8221;fadeIn&#8221; link=&#8221;http:\/\/mathom.es\/es\/&#8221;][\/vc_column_inner][vc_column_inner width=&#8221;1\/3&#8243;][vc_single_image image=&#8221;1204&#8243; img_size=&#8221;large&#8221; alignment=&#8221;center&#8221; style=&#8221;vc_box_outline&#8221; border_color=&#8221;sky&#8221; onclick=&#8221;custom_link&#8221; img_link_target=&#8221;_blank&#8221; css_animation=&#8221;fadeIn&#8221; link=&#8221;http:\/\/www.mercurio.com.es\/&#8221;][\/vc_column_inner][vc_column_inner width=&#8221;1\/3&#8243;][vc_single_image image=&#8221;1206&#8243; img_size=&#8221;large&#8221; alignment=&#8221;center&#8221; style=&#8221;vc_box_outline&#8221; border_color=&#8221;sky&#8221; onclick=&#8221;custom_link&#8221; img_link_target=&#8221;_blank&#8221; css_animation=&#8221;fadeIn&#8221; link=&#8221;http:\/\/www.toptoys.es\/&#8221;][\/vc_column_inner][\/vc_row_inner][\/vc_column][\/vc_row][vc_row content_placement=&#8221;top&#8221; css_animation=&#8221;fadeInDown&#8221; css=&#8221;.vc_custom_1529401980206{margin-bottom: 0px !important;}&#8221;][vc_column][vc_custom_heading text=&#8221;Organitzacions motivades&#8221; google_fonts=&#8221;font_family:Roboto%3A100%2C100italic%2C300%2C300italic%2Cregular%2Citalic%2C500%2C500italic%2C700%2C700italic%2C900%2C900italic|font_style:400%20regular%3A400%3Anormal&#8221; css_animation=&#8221;fadeInDown&#8221;][vc_row_inner][vc_column_inner width=&#8221;1\/4&#8243;][\/vc_column_inner][vc_column_inner width=&#8221;1\/4&#8243;][vc_single_image image=&#8221;1192&#8243; img_size=&#8221;large&#8221; alignment=&#8221;center&#8221; style=&#8221;vc_box_outline&#8221; border_color=&#8221;sky&#8221; onclick=&#8221;custom_link&#8221; img_link_target=&#8221;_blank&#8221; css_animation=&#8221;fadeIn&#8221; link=&#8221;https:\/\/www.facebook.com\/ludushistoriae\/&#8221;][\/vc_column_inner][vc_column_inner width=&#8221;1\/4&#8243;][vc_single_image image=&#8221;1194&#8243; img_size=&#8221;large&#8221; alignment=&#8221;center&#8221; style=&#8221;vc_box_outline&#8221; border_color=&#8221;sky&#8221; onclick=&#8221;custom_link&#8221; img_link_target=&#8221;_blank&#8221; css_animation=&#8221;fadeInDown&#8221; link=&#8221;https:\/\/www.marinva.es\/&#8221;][\/vc_column_inner][vc_column_inner width=&#8221;1\/4&#8243;][\/vc_column_inner][\/vc_row_inner][\/vc_column][\/vc_row][vc_row css=&#8221;.vc_custom_1529401130796{margin-bottom: 0px !important;}&#8221;][vc_column][vc_custom_heading text=&#8221;Organitzacions amigues&#8221; google_fonts=&#8221;font_family:Roboto%3A100%2C100italic%2C300%2C300italic%2Cregular%2Citalic%2C500%2C500italic%2C700%2C700italic%2C900%2C900italic|font_style:300%20light%20regular%3A300%3Anormal&#8221; css_animation=&#8221;fadeInDown&#8221;][vc_row_inner][vc_column_inner width=&#8221;1\/6&#8243;][\/vc_column_inner][vc_column_inner width=&#8221;1\/6&#8243;][vc_single_image image=&#8221;1178&#8243; img_size=&#8221;large&#8221; alignment=&#8221;center&#8221; style=&#8221;vc_box_outline&#8221; border_color=&#8221;sky&#8221; onclick=&#8221;custom_link&#8221; img_link_target=&#8221;_blank&#8221; css_animation=&#8221;fadeInDown&#8221; link=&#8221;https:\/\/herofreaks.com\/&#8221;][\/vc_column_inner][vc_column_inner width=&#8221;1\/6&#8243;][vc_single_image image=&#8221;1174&#8243; img_size=&#8221;large&#8221; alignment=&#8221;center&#8221; style=&#8221;vc_box_outline&#8221; border_color=&#8221;sky&#8221; onclick=&#8221;custom_link&#8221; img_link_target=&#8221;_blank&#8221; css_animation=&#8221;fadeInDown&#8221; link=&#8221;http:\/\/gdmgames.guerrademitos.com\/&#8221;][\/vc_column_inner][vc_column_inner width=&#8221;1\/6&#8243;][vc_single_image image=&#8221;1184&#8243; img_size=&#8221;large&#8221; alignment=&#8221;center&#8221; style=&#8221;vc_box_outline&#8221; border_color=&#8221;sky&#8221; onclick=&#8221;custom_link&#8221; img_link_target=&#8221;_blank&#8221; css_animation=&#8221;fadeInDown&#8221; link=&#8221;http:\/\/www.olgeta.eus\/&#8221;][\/vc_column_inner][vc_column_inner width=&#8221;1\/6&#8243;][vc_single_image image=&#8221;1188&#8243; img_size=&#8221;large&#8221; alignment=&#8221;center&#8221; style=&#8221;vc_box_outline&#8221; border_color=&#8221;sky&#8221; onclick=&#8221;custom_link&#8221; img_link_target=&#8221;_blank&#8221; css_animation=&#8221;fadeInDown&#8221; link=&#8221;https:\/\/www.trimatge.org\/&#8221;][\/vc_column_inner][vc_column_inner width=&#8221;1\/6&#8243;][\/vc_column_inner][\/vc_row_inner][\/vc_column][\/vc_row][vc_row css_animation=&#8221;fadeIn&#8221;][vc_column][vc_column_text]<\/p>\n<div class=\"wpb_text_column wpb_content_element \">\n<div class=\"wpb_wrapper\">\n<p>A t\u00edtol individual van confiar en el nostre projecte les seg\u00fcents persones:<\/p>\n<p><em>A.M. Marco; Alba Hernandez; \u00c0lex Caram\u00e9 Fontes; Amalia S\u00e1nchez L\u00f3pez; Ana Ayuste; Anna Mart\u00edn Vizuete; Antonio Atero; Arantza Mart\u00edn Romero; Ariadna Aragay Mar\u00edn; Asociaci\u00f3n Afim21; Aurelio Ruiz Garc\u00eda; Azael Herrero; B\u00e1rbara Canto D\u00edaz; Bea Crespo; Bel\u00e9n L\u00f3pez; Carlos Franco Xevi-Prote; Cati; cHristian Negre i Walczak; Concepci\u00f3n Caram\u00e9 Barrachina; Cristina Moll\u00e0 Grabulosa; Daniel Fornaguera; Daniel Mart\u00edn S\u00e1nchez; Daniel Riera Terr\u00e9n; Daula; David; David Codosero Cerezo; David Fontes Caram\u00e9; David Segarra Mediavilla; Dolors Mach Piera; Eduardo Toledo Incl\u00e1n; Esteve Codony; Eul\u00e0lia Mart\u00ed; Eva Pe; Fernando Chavarr\u00eda Fores; Fernando V\u00e1zquez; Fidel Bellmunt Montagut; Germ\u00e1n Cabrera; Gl\u00f2ria Pedr\u00f3; H\u00e9ctor Mart\u00ednez Romero; Imma Santamar\u00eda i Blesa; In\u00e9s Orta Medina; Iolanda Zapata Lucas; Isaac Hidalgo Tarras\u00f3n; Ivan Verg\u00e9s Pascual; Jan Gonzalo Iglesia; Jaume Pedr\u00f3 Villarino; Jaume Sans i Vellveh\u00ed; Joan Cervera Beltran; Joan Izquierdo Borau; Joan Verd\u00e9s; Jordi Coll i Giron; Jos\u00e9 Luis P\u00e9rez Martos; Juanjo Angullo; Julia Iriarte Gahete; Laura Gracia; Laura S\u00e1nchez S\u00e1ez; Lena Tillman Mill\u00e1n; L\u00eddia G\u00f3mez i Monta\u00f1\u00e9s; Lluis; Lorena Lara Ragel; Ma Jos\u00e9 GR; M\u00aa\u00c1ngeles Cabeza; Manel Vidal Portillo; Manu S\u00e1nchez Montero; Manuel L\u00f3pez Tejado; Marc Figueras; Marcos Pastor Calvet; Mar\u00eda Jes\u00fas Campos Osa; Marinva Joc i Educaci\u00f3; Marta; Martina Serrano; Merc\u00e8; Meritxell Nieto; Miguel \u00c1ngel Fern\u00e1ndez G\u00f3mez; Miguel Urd\u00edn; Montse Miras; Neus Pinen Escofet; Olatz Aldabaldetreku; Olga Giner Arandiga; Oriol Comas i Coma; Oriol Ripoll; Oriol Tutusaus; \u00d3scar Recio-Coll; Pau Nin; Pepe Macba; Pepe Pedraz; Rafael Antonio Gonz\u00e1lez Bernal; Rafel Mir\u00f3; Raquel; Raquel Duque; Ra\u00fal; Rebeca; Ruddy Viscarra Gonz\u00e1lez; Ruth Cerd\u00e1n Ortiz; S\u00edlvia; Silvia SL; Sonia Gonz\u00e1lez; Toni Serradesanferm Pal\u00e0; Tony Padilla; Victoria Gallego Pedraza; Xavier Terr\u00e9; Y\u00f6ls.<\/em><\/p>\n<p>Finalment tamb\u00e9 volem donar el nostre agra\u00efment a les editorials que van aportar els jocs que es van sortejar en finalitzar la campanya entre tots els mecenes individuals.<\/p>\n<\/div>\n<\/div>\n<p>[\/vc_column_text][vc_row_inner css=&#8221;.vc_custom_1532728155123{margin-bottom: 15px !important;}&#8221;][vc_column_inner width=&#8221;1\/6&#8243;][vc_single_image image=&#8221;1182&#8243; img_size=&#8221;large&#8221; alignment=&#8221;center&#8221; style=&#8221;vc_box_outline&#8221; onclick=&#8221;custom_link&#8221; img_link_target=&#8221;_blank&#8221; css_animation=&#8221;fadeInDown&#8221; link=&#8221;https:\/\/ocachess.com\/&#8221;][\/vc_column_inner][vc_column_inner width=&#8221;1\/6&#8243;][vc_single_image image=&#8221;1176&#8243; img_size=&#8221;large&#8221; alignment=&#8221;center&#8221; style=&#8221;vc_box_outline&#8221; onclick=&#8221;custom_link&#8221; img_link_target=&#8221;_blank&#8221; css_animation=&#8221;fadeInDown&#8221; link=&#8221;https:\/\/www.haba.de\/es_ES\/juguetes&#8221;][\/vc_column_inner][vc_column_inner width=&#8221;1\/6&#8243;][vc_single_image image=&#8221;1174&#8243; img_size=&#8221;large&#8221; alignment=&#8221;center&#8221; style=&#8221;vc_box_outline&#8221; onclick=&#8221;custom_link&#8221; img_link_target=&#8221;_blank&#8221; css_animation=&#8221;fadeInDown&#8221; link=&#8221;http:\/\/gdmgames.guerrademitos.com\/&#8221;][\/vc_column_inner][vc_column_inner width=&#8221;1\/6&#8243;][vc_single_image image=&#8221;1172&#8243; img_size=&#8221;large&#8221; alignment=&#8221;center&#8221; style=&#8221;vc_box_outline&#8221; onclick=&#8221;custom_link&#8221; img_link_target=&#8221;_blank&#8221; css_animation=&#8221;fadeInDown&#8221; link=&#8221;http:\/\/editales.com\/&#8221;][\/vc_column_inner][vc_column_inner width=&#8221;1\/6&#8243;][vc_single_image image=&#8221;1190&#8243; img_size=&#8221;large&#8221; alignment=&#8221;center&#8221; style=&#8221;vc_box_outline&#8221; onclick=&#8221;custom_link&#8221; img_link_target=&#8221;_blank&#8221; css_animation=&#8221;fadeInDown&#8221; link=&#8221;http:\/\/www.viravi.es\/&#8221;][\/vc_column_inner][vc_column_inner width=&#8221;1\/6&#8243;][vc_single_image image=&#8221;1186&#8243; img_size=&#8221;large&#8221; alignment=&#8221;center&#8221; style=&#8221;vc_box_outline&#8221; onclick=&#8221;custom_link&#8221; img_link_target=&#8221;_blank&#8221; css_animation=&#8221;fadeInDown&#8221; link=&#8221;http:\/\/orcajocs.com\/&#8221;][\/vc_column_inner][\/vc_row_inner][vc_row_inner equal_height=&#8221;yes&#8221; content_placement=&#8221;middle&#8221;][vc_column_inner width=&#8221;1\/6&#8243;][\/vc_column_inner][vc_column_inner width=&#8221;1\/6&#8243;][vc_single_image image=&#8221;1170&#8243; img_size=&#8221;large&#8221; alignment=&#8221;center&#8221; style=&#8221;vc_box_outline&#8221; onclick=&#8221;custom_link&#8221; css_animation=&#8221;fadeInDown&#8221; link=&#8221;http:\/\/dracoideas.com\/editorial\/&#8221;][\/vc_column_inner][vc_column_inner width=&#8221;2\/6&#8243;][vc_single_image image=&#8221;1180&#8243; img_size=&#8221;115&#215;115&#8243; alignment=&#8221;center&#8221; style=&#8221;vc_box_outline&#8221; onclick=&#8221;custom_link&#8221; img_link_target=&#8221;_blank&#8221; css_animation=&#8221;fadeInDown&#8221; link=&#8221;http:\/\/www.nexoediciones.es\/&#8221;][\/vc_column_inner][vc_column_inner width=&#8221;1\/6&#8243;][vc_single_image image=&#8221;1168&#8243; img_size=&#8221;large&#8221; alignment=&#8221;center&#8221; style=&#8221;vc_box_outline&#8221; onclick=&#8221;custom_link&#8221; img_link_target=&#8221;_blank&#8221; css_animation=&#8221;fadeInDown&#8221; link=&#8221;https:\/\/www.2tomatoesgames.com&#8221;][\/vc_column_inner][vc_column_inner width=&#8221;1\/6&#8243;][\/vc_column_inner][\/vc_row_inner][\/vc_column][\/vc_row]<\/p>\n<\/div>","protected":false},"excerpt":{"rendered":"<p>[vc_row][vc_column][vc_column_text] El Cat\u00e0leg d\u2019Experi\u00e8ncies L\u00fadiques va ser un dels 13 projectes seleccionats per la Fundaci\u00f3 Jaume Bofill dins de la seva campanya # FemEducaci\u00f3 de suport a iniciatives orientades a la millora i transformaci\u00f3 educativa. El finan\u00e7ament per poder desenvolupar el projecte es va aconseguir mitjan\u00e7ant la plataforma Goteo de micromecenatge social, gr\u00e0cies a les aportacions de particulars i organitzacions<\/p>\n","protected":false},"author":1,"featured_media":0,"parent":0,"menu_order":0,"comment_status":"closed","ping_status":"closed","template":"","meta":{"footnotes":""},"class_list":["post-1167","page","type-page","status-publish","hentry","no-featured","has-left-col"],"_links":{"self":[{"href":"https:\/\/www.elcel.org\/ca\/wp-json\/wp\/v2\/pages\/1167","targetHints":{"allow":["GET"]}}],"collection":[{"href":"https:\/\/www.elcel.org\/ca\/wp-json\/wp\/v2\/pages"}],"about":[{"href":"https:\/\/www.elcel.org\/ca\/wp-json\/wp\/v2\/types\/page"}],"author":[{"embeddable":true,"href":"https:\/\/www.elcel.org\/ca\/wp-json\/wp\/v2\/users\/1"}],"replies":[{"embeddable":true,"href":"https:\/\/www.elcel.org\/ca\/wp-json\/wp\/v2\/comments?post=1167"}],"version-history":[{"count":7,"href":"https:\/\/www.elcel.org\/ca\/wp-json\/wp\/v2\/pages\/1167\/revisions"}],"predecessor-version":[{"id":1223,"href":"https:\/\/www.elcel.org\/ca\/wp-json\/wp\/v2\/pages\/1167\/revisions\/1223"}],"wp:attachment":[{"href":"https:\/\/www.elcel.org\/ca\/wp-json\/wp\/v2\/media?parent=1167"}],"curies":[{"name":"wp","href":"https:\/\/api.w.org\/{rel}","templated":true}]}}