{"id":1161,"date":"2018-07-27T19:11:00","date_gmt":"2018-07-27T17:11:00","guid":{"rendered":"http:\/\/www.elcel.org\/que-es-el-cel\/"},"modified":"2023-07-28T17:46:46","modified_gmt":"2023-07-28T15:46:46","slug":"que-es-el-cel","status":"publish","type":"page","link":"https:\/\/www.elcel.org\/ca\/que-es-el-cel\/","title":{"rendered":"Qu\u00e8 \u00e9s el CEL?"},"content":{"rendered":"<div class=\"wpb-content-wrapper\"><p>[vc_row][vc_column][vc_toggle title=&#8221;Qu\u00e8 \u00e9s el CEL?&#8221; style=&#8221;rounded&#8221; color=&#8221;sky&#8221; size=&#8221;lg&#8221; open=&#8221;true&#8221; css_animation=&#8221;fadeInDown&#8221;]El CEL (Cat\u00e0leg d&#8217;Experi\u00e8ncies L\u00fadiques) \u00e9s un banc d&#8217;experi\u00e8ncies d&#8217;\u00fas de jocs de taula a l&#8217;aula com a recurs educatiu (Aprenentatge Basat en Jocs). T\u00e9 per objectiu recollir i difondre aquest tipus d&#8217;iniciatives, de forma que puguin ser conegudes, reprodu\u00efdes, adaptades o utilitzades com a font d&#8217;inspiraci\u00f3 per altres professionals de l&#8217;\u00e0mbit educatiu.<\/p>\n<p>El CEL \u00e9s un recurs gratu\u00eft, obert i col\u00b7laboratiu, finan\u00e7at gr\u00e0cies a una exitosa campanya a la plataforma de crowdfunding social <a href=\"http:\/\/www.goteo.org\/project\/cel-cataleg-d-experiencies-ludiques\"><strong>Goteo.org<\/strong><\/a> a la qual van participar al voltant d&#8217;un centenar de mecenes particulars, editorials i altres entitats (veure apartat <strong><a href=\"\/es?page_id=1167\">Agra\u00efments<\/a><\/strong>), en el marc de la convocat\u00f2ria &#8220;Fem Educaci\u00f3&#8221; de la <strong><a href=\"http:\/\/www.femeducacio.org\">Fundaci\u00f3 Jaume Bofill<\/a><\/strong>.[\/vc_toggle][vc_toggle title=&#8221;Qu\u00e8 hi trobareu?&#8221; style=&#8221;rounded&#8221; color=&#8221;sky&#8221; size=&#8221;lg&#8221; css_animation=&#8221;fadeInDown&#8221;]El CEL disposa de tres apartats diferenciats: \u201cExperi\u00e8ncies\u201d, \u201cJocs\u201d i \u201cPerfils\u201d.<\/p>\n<p>A \u201c<em>Experi\u00e8ncies<\/em>\u201d hi trobareu les fitxes descriptives de les experi\u00e8ncies d\u2019Aprenentatge Basat en Jocs de taula que es vagin publicant a la plataforma. Les podeu filtrar pels seg\u00fcents criteris: etapa educativa, curs, \u00e0mbit, compet\u00e8ncies i capacitats.<\/p>\n<p>A \u201c<em>Jocs<\/em>\u201d hi apareixen les fitxes descriptives dels jocs de taula emprats en les experi\u00e8ncies publicades. Els podeu filtrar per etapa educativa, per tipologia de joc i per edat m\u00ednima recomanada.<\/p>\n<p>A \u201c<em>Perfils<\/em>\u201d hi trobareu informaci\u00f3 sobre els educadors i educadores que han publicat experi\u00e8ncies a la plataforma. Els podeu filtrar per l\u2019etapa educativa i per localitzaci\u00f3 geogr\u00e0fica.<\/p>\n<p>Cada experi\u00e8ncia est\u00e0 relacionada amb un o m\u00e9s jocs, d&#8217;igual forma que un joc pot apar\u00e8ixer en m\u00e9s d\u2019una experi\u00e8ncia, de tal manera que a partir d\u2019un determinat joc es pot arribar a una experi\u00e8ncia relacionada i viceversa. A la fitxa de cada educador o educadora hi trobareu totes les seves experi\u00e8ncies publicades.[\/vc_toggle][vc_toggle title=&#8221;A qui s&#8217;adre\u00e7a?&#8221; style=&#8221;rounded&#8221; color=&#8221;sky&#8221; size=&#8221;lg&#8221; css_animation=&#8221;fadeInDown&#8221;]El CEL \u00e9s una eina col\u00b7laborativa adre\u00e7ada a aquells educadors i educadores que han introdu\u00eft el joc de taula a les seves classes i a tots els que tinguin inter\u00e8s a fer-ho. Des del CEL us animem a compartir les vostres experi\u00e8ncies mitjan\u00e7ant aquesta plataforma.[\/vc_toggle][vc_toggle title=&#8221;Com funciona?&#8221; style=&#8221;rounded&#8221; color=&#8221;sky&#8221; size=&#8221;lg&#8221; css_animation=&#8221;fadeInDown&#8221;]Per poder compartir les vostres experi\u00e8ncies al CEL el primer pas \u00e9s <strong><a href=\"\/es?page_id=204&#038;action=login&amp;mode=register\">donar-se d&#8217;alta a la plataforma<\/a><\/strong> . Un cop tingueu validat el vostre registre podreu comen\u00e7ar a crear fitxes d&#8217;experi\u00e8ncies mitjan\u00e7ant un senzill formulari. Abans de la seva publicaci\u00f3, des del CEL validarem aquestes fitxes d&#8217;experi\u00e8ncies i les relacionarem amb les fitxes de jocs apropiades, creant-les quan sigui necessari.[\/vc_toggle][vc_toggle title=&#8221;Quin tipus d&#8217;experi\u00e8ncies s\u00f3n v\u00e0lides?&#8221; style=&#8221;rounded&#8221; color=&#8221;sky&#8221; size=&#8221;lg&#8221; css_animation=&#8221;fadeInDown&#8221;]Els requisits per introduir una experi\u00e8ncia s\u00f3n els seg\u00fcents:<\/p>\n<p style=\"padding-left: 30px;\">a) ha de ser una experi\u00e8ncia realitzada a l&#8217;aula (escola o institut),<br \/>\nb) portada a terme per mestres o professors i professores,<br \/>\nc) en la qual s&#8217;hagi utilitzat un o m\u00e9s jocs de taula (complets o algun dels seus components). Pot tractar-se tant de jocs comercials, versions adaptades d&#8217;aquests o jocs de pr\u00f2pia creaci\u00f3.<\/p>\n<p>Davant el dubte, et recomanem que consultis el CEL per veure quin tipus d&#8217;experi\u00e8ncies es van recollint.[\/vc_toggle][vc_toggle title=&#8221;Qui som?&#8221; style=&#8221;rounded&#8221; color=&#8221;green&#8221; size=&#8221;lg&#8221; css_animation=&#8221;fadeInDown&#8221;]El Cat\u00e0leg d&#8217;Experi\u00e8ncies L\u00fadiques (CEL) \u00e9s una iniciativa de l&#8217;<a href=\"http:\/\/www.laboratoridejocs.org\/\">Associaci\u00f3 Laboratori de Jocs<\/a>. Esperem que el contingut del CEL animi a altres educadors i educadores a utilitzar els jocs de taula com a eina educativa i entre tots fomentar la cultura del joc.<\/p>\n<p>Abra\u00e7ades l\u00fadiques!<\/p>\n<p>&nbsp;<\/p>\n<p style=\"text-align: center;\"><a href=\"http:\/\/www.laboratoridejocs.org\"><img loading=\"lazy\" decoding=\"async\" class=\"aligncenter size-medium wp-image-1151\" src=\"http:\/\/www.elcel.org\/wp-content\/uploads\/2018\/07\/logo_laboratori.svg\" alt=\"\" width=\"300\" height=\"300\" \/><\/a><\/p>\n<p>[\/vc_toggle][\/vc_column][\/vc_row]<\/p>\n<\/div>","protected":false},"excerpt":{"rendered":"<p>[vc_row][vc_column][vc_toggle title=&#8221;Qu\u00e8 \u00e9s el CEL?&#8221; style=&#8221;rounded&#8221; color=&#8221;sky&#8221; size=&#8221;lg&#8221; open=&#8221;true&#8221; css_animation=&#8221;fadeInDown&#8221;]El CEL (Cat\u00e0leg d&#8217;Experi\u00e8ncies L\u00fadiques) \u00e9s un banc d&#8217;experi\u00e8ncies d&#8217;\u00fas de jocs de taula a l&#8217;aula com a recurs educatiu (Aprenentatge Basat en Jocs). T\u00e9 per objectiu recollir i difondre aquest tipus d&#8217;iniciatives, de forma que puguin ser conegudes, reprodu\u00efdes, adaptades o utilitzades com a font d&#8217;inspiraci\u00f3 per altres professionals de<\/p>\n","protected":false},"author":1,"featured_media":0,"parent":0,"menu_order":0,"comment_status":"closed","ping_status":"closed","template":"","meta":{"footnotes":""},"class_list":["post-1161","page","type-page","status-publish","hentry","no-featured","has-left-col"],"_links":{"self":[{"href":"https:\/\/www.elcel.org\/ca\/wp-json\/wp\/v2\/pages\/1161","targetHints":{"allow":["GET"]}}],"collection":[{"href":"https:\/\/www.elcel.org\/ca\/wp-json\/wp\/v2\/pages"}],"about":[{"href":"https:\/\/www.elcel.org\/ca\/wp-json\/wp\/v2\/types\/page"}],"author":[{"embeddable":true,"href":"https:\/\/www.elcel.org\/ca\/wp-json\/wp\/v2\/users\/1"}],"replies":[{"embeddable":true,"href":"https:\/\/www.elcel.org\/ca\/wp-json\/wp\/v2\/comments?post=1161"}],"version-history":[{"count":6,"href":"https:\/\/www.elcel.org\/ca\/wp-json\/wp\/v2\/pages\/1161\/revisions"}],"predecessor-version":[{"id":1164,"href":"https:\/\/www.elcel.org\/ca\/wp-json\/wp\/v2\/pages\/1161\/revisions\/1164"}],"wp:attachment":[{"href":"https:\/\/www.elcel.org\/ca\/wp-json\/wp\/v2\/media?parent=1161"}],"curies":[{"name":"wp","href":"https:\/\/api.w.org\/{rel}","templated":true}]}}